{"id":123,"date":"2024-01-09T20:00:02","date_gmt":"2024-01-09T17:00:02","guid":{"rendered":"https:\/\/theme.madsparrow.me\/mokko\/?page_id=123"},"modified":"2025-01-11T13:06:51","modified_gmt":"2025-01-11T13:06:51","slug":"blog-card-grid","status":"publish","type":"page","link":"https:\/\/carlsenpaataket.no\/om-oss\/blog-card-grid\/","title":{"rendered":"Blog Card Grid"},"content":{"rendered":"\t\t<div data-elementor-type=\"wp-page\" data-elementor-id=\"123\" class=\"elementor elementor-123\">\n\t\t\t\t<div class=\"elementor-element elementor-element-ae896c9 e-flex e-con-boxed no e-con e-parent\" data-id=\"ae896c9\" data-element_type=\"container\" data-e-type=\"container\">\n\t\t\t\t\t<div class=\"e-con-inner\">\n\t\t\t\t<div class=\"elementor-element elementor-element-69c2e6b elementor-widget elementor-widget-ms_animated_headline\" data-id=\"69c2e6b\" data-element_type=\"widget\" data-e-type=\"widget\" data-widget_type=\"ms_animated_headline.default\">\n\t\t\t\t<div class=\"elementor-widget-container\">\n\t\t\t\t\t\r\n        <div class=\"ms-ah-wrapper\">\r\n            <h1 class=\"content__title\" data-splitting data-effect5 data-scroll=\"off\">\r\n            \tArtikler            <\/h1>\r\n        <\/div>\r\n        \r\n    \t\t\t\t<\/div>\n\t\t\t\t<\/div>\n\t\t\t\t\t<\/div>\n\t\t\t\t<\/div>\n\t\t<div class=\"elementor-element elementor-element-5cd018d e-flex e-con-boxed no e-con e-parent\" data-id=\"5cd018d\" data-element_type=\"container\" data-e-type=\"container\">\n\t\t\t\t\t<div class=\"e-con-inner\">\n\t\t\t\t<div class=\"elementor-element elementor-element-ed8107d elementor-widget elementor-widget-ms_posts\" data-id=\"ed8107d\" data-element_type=\"widget\" data-e-type=\"widget\" data-widget_type=\"ms_posts.default\">\n\t\t\t\t<div class=\"elementor-widget-container\">\n\t\t\t\t\t\t\t\r\n\t\t<div class=\"ms-posts--wrap\">\r\n\t\t\t<div class=\"row ms-posts--card\" id=\"ed8107d\" data-order=\"\">\r\n\r\n\t\t\t\t\t\r\n\r\n\t\t\t\t\t\t\r\n<article id=\"post-54\" class=\"grid-item col-sm-12 col-md-6 col-lg-6 post-54 post type-post status-publish format-standard has-post-thumbnail hentry category-tak-tips tag-tips-triks\">\r\n\r\n    <a href=\"https:\/\/carlsenpaataket.no\/om-oss\/hvordan-velge-riktig-tak-for-ditt-hjem\/\" aria-label=\"Hvordan velge riktig tak for ditt hjem: Tips fra ekspertene\"><\/a>\r\n\r\n    \r\n        <figure class=\"ms-posts--card__media\">\r\n            <img decoding=\"async\" src=\"https:\/\/carlsenpaataket.no\/om-oss\/wp-content\/uploads\/2024\/11\/20240305_154414-scaled.jpeg\" alt=\"Hvordan velge riktig tak for ditt hjem: Tips fra ekspertene\">\r\n        <\/figure>\r\n\r\n    \r\n    <div class=\"post-content\">\r\n\r\n        \r\n        <div class=\"post-meta-header\">\r\n\r\n            <div class=\"post-header--author\">\r\n\r\n                <img decoding=\"async\" src=\"https:\/\/secure.gravatar.com\/avatar\/87ea0f4af34b515793bb2127f710489857ae315f777319a6fffe0f06f670a1a6?s=45&d=mm&r=g\" alt=\"Carlsen p\u00e5 taket AS\">\r\n\r\n                <div class=\"post-meta__info\">\r\n                    <span class=\"post-meta__author\">Carlsen p\u00e5 taket AS<\/span>\r\n                    <span class=\"post-meta__date\">Jan 6, 2024<\/span>\r\n                <\/div>\r\n\r\n            <\/div>\r\n\r\n        <\/div>    \r\n\r\n        <div class=\"post-meta-cont\">\r\n            <div class=\"post-category\"><a href=\"https:\/\/carlsenpaataket.no\/om-oss\/category\/tak-tips\/\" rel=\"category tag\">Tak tips<\/a><\/div>\r\n            <div class=\"post-header\">\r\n                <a class=\"post-title\" href=\"https:\/\/carlsenpaataket.no\/om-oss\/hvordan-velge-riktig-tak-for-ditt-hjem\/\" aria-label=\"Hvordan velge riktig tak for ditt hjem: Tips fra ekspertene\">\r\n                    <h3>Hvordan velge riktig tak for ditt hjem: Tips fra ekspertene<\/h3>\r\n                <\/a>\r\n            <\/div>\r\n        <\/div>\r\n\r\n    <\/div>\r\n\r\n<\/article>\r\n\r\n\t\t\t\t\t\r\n\r\n\t\t\t\t\t\t\r\n<article id=\"post-47\" class=\"grid-item col-sm-12 col-md-6 col-lg-6 post-47 post type-post status-publish format-standard has-post-thumbnail hentry category-tak-tips tag-tips-triks\">\r\n\r\n    <a href=\"https:\/\/carlsenpaataket.no\/om-oss\/vedlikehold-av-tak-slik-forlenger-du-takets-levetid\/\" aria-label=\"Vedlikehold av tak: Slik forlenger du takets levetid\"><\/a>\r\n\r\n    \r\n        <figure class=\"ms-posts--card__media\">\r\n            <img decoding=\"async\" src=\"https:\/\/carlsenpaataket.no\/om-oss\/wp-content\/uploads\/2024\/10\/20211126_100143-scaled.jpeg\" alt=\"Vedlikehold av tak: Slik forlenger du takets levetid\">\r\n        <\/figure>\r\n\r\n    \r\n    <div class=\"post-content\">\r\n\r\n        \r\n        <div class=\"post-meta-header\">\r\n\r\n            <div class=\"post-header--author\">\r\n\r\n                <img decoding=\"async\" src=\"https:\/\/secure.gravatar.com\/avatar\/87ea0f4af34b515793bb2127f710489857ae315f777319a6fffe0f06f670a1a6?s=45&d=mm&r=g\" alt=\"Carlsen p\u00e5 taket AS\">\r\n\r\n                <div class=\"post-meta__info\">\r\n                    <span class=\"post-meta__author\">Carlsen p\u00e5 taket AS<\/span>\r\n                    <span class=\"post-meta__date\">Jan 6, 2024<\/span>\r\n                <\/div>\r\n\r\n            <\/div>\r\n\r\n        <\/div>    \r\n\r\n        <div class=\"post-meta-cont\">\r\n            <div class=\"post-category\"><a href=\"https:\/\/carlsenpaataket.no\/om-oss\/category\/tak-tips\/\" rel=\"category tag\">Tak tips<\/a><\/div>\r\n            <div class=\"post-header\">\r\n                <a class=\"post-title\" href=\"https:\/\/carlsenpaataket.no\/om-oss\/vedlikehold-av-tak-slik-forlenger-du-takets-levetid\/\" aria-label=\"Vedlikehold av tak: Slik forlenger du takets levetid\">\r\n                    <h3>Vedlikehold av tak: Slik forlenger du takets levetid<\/h3>\r\n                <\/a>\r\n            <\/div>\r\n        <\/div>\r\n\r\n    <\/div>\r\n\r\n<\/article>\r\n\r\n\t\t\t\t\t\r\n\r\n\t\t\t\t\t\t\r\n<article id=\"post-45\" class=\"grid-item col-sm-12 col-md-6 col-lg-6 post-45 post type-post status-publish format-standard has-post-thumbnail hentry category-tak-tips tag-tips-triks\">\r\n\r\n    <a href=\"https:\/\/carlsenpaataket.no\/om-oss\/fordeler-med-energieffektive-tak\/\" aria-label=\"Fordeler med energieffektive tak: Spar penger og milj\u00f8et\"><\/a>\r\n\r\n    \r\n        <figure class=\"ms-posts--card__media\">\r\n            <img decoding=\"async\" src=\"https:\/\/carlsenpaataket.no\/om-oss\/wp-content\/uploads\/2024\/10\/20220928_112001-scaled.jpeg\" alt=\"Fordeler med energieffektive tak: Spar penger og milj\u00f8et\">\r\n        <\/figure>\r\n\r\n    \r\n    <div class=\"post-content\">\r\n\r\n        \r\n        <div class=\"post-meta-header\">\r\n\r\n            <div class=\"post-header--author\">\r\n\r\n                <img decoding=\"async\" src=\"https:\/\/secure.gravatar.com\/avatar\/87ea0f4af34b515793bb2127f710489857ae315f777319a6fffe0f06f670a1a6?s=45&d=mm&r=g\" alt=\"Carlsen p\u00e5 taket AS\">\r\n\r\n                <div class=\"post-meta__info\">\r\n                    <span class=\"post-meta__author\">Carlsen p\u00e5 taket AS<\/span>\r\n                    <span class=\"post-meta__date\">Jan 6, 2024<\/span>\r\n                <\/div>\r\n\r\n            <\/div>\r\n\r\n        <\/div>    \r\n\r\n        <div class=\"post-meta-cont\">\r\n            <div class=\"post-category\"><a href=\"https:\/\/carlsenpaataket.no\/om-oss\/category\/tak-tips\/\" rel=\"category tag\">Tak tips<\/a><\/div>\r\n            <div class=\"post-header\">\r\n                <a class=\"post-title\" href=\"https:\/\/carlsenpaataket.no\/om-oss\/fordeler-med-energieffektive-tak\/\" aria-label=\"Fordeler med energieffektive tak: Spar penger og milj\u00f8et\">\r\n                    <h3>Fordeler med energieffektive tak: Spar penger og milj\u00f8et<\/h3>\r\n                <\/a>\r\n            <\/div>\r\n        <\/div>\r\n\r\n    <\/div>\r\n\r\n<\/article>\r\n\r\n\t\t\t\t\t\r\n\r\n\t\t\t\t\t\t\r\n<article id=\"post-20\" class=\"grid-item col-sm-12 col-md-6 col-lg-6 post-20 post type-post status-publish format-standard has-post-thumbnail hentry category-tak-tips tag-tips-triks\">\r\n\r\n    <a href=\"https:\/\/carlsenpaataket.no\/om-oss\/hvorfor-regelmessig-taksjekk-er-viktig-for-hjemmet-ditt\/\" aria-label=\"Hvorfor regelmessig taksjekk er viktig for hjemmet ditt\"><\/a>\r\n\r\n    \r\n        <figure class=\"ms-posts--card__media\">\r\n            <img decoding=\"async\" src=\"https:\/\/carlsenpaataket.no\/om-oss\/wp-content\/uploads\/2024\/11\/20240502_191038-scaled.jpeg\" alt=\"Hvorfor regelmessig taksjekk er viktig for hjemmet ditt\">\r\n        <\/figure>\r\n\r\n    \r\n    <div class=\"post-content\">\r\n\r\n        \r\n        <div class=\"post-meta-header\">\r\n\r\n            <div class=\"post-header--author\">\r\n\r\n                <img decoding=\"async\" src=\"https:\/\/secure.gravatar.com\/avatar\/87ea0f4af34b515793bb2127f710489857ae315f777319a6fffe0f06f670a1a6?s=45&d=mm&r=g\" alt=\"Carlsen p\u00e5 taket AS\">\r\n\r\n                <div class=\"post-meta__info\">\r\n                    <span class=\"post-meta__author\">Carlsen p\u00e5 taket AS<\/span>\r\n                    <span class=\"post-meta__date\">Jan 4, 2024<\/span>\r\n                <\/div>\r\n\r\n            <\/div>\r\n\r\n        <\/div>    \r\n\r\n        <div class=\"post-meta-cont\">\r\n            <div class=\"post-category\"><a href=\"https:\/\/carlsenpaataket.no\/om-oss\/category\/tak-tips\/\" rel=\"category tag\">Tak tips<\/a><\/div>\r\n            <div class=\"post-header\">\r\n                <a class=\"post-title\" href=\"https:\/\/carlsenpaataket.no\/om-oss\/hvorfor-regelmessig-taksjekk-er-viktig-for-hjemmet-ditt\/\" aria-label=\"Hvorfor regelmessig taksjekk er viktig for hjemmet ditt\">\r\n                    <h3>Hvorfor regelmessig taksjekk er viktig for hjemmet ditt<\/h3>\r\n                <\/a>\r\n            <\/div>\r\n        <\/div>\r\n\r\n    <\/div>\r\n\r\n<\/article>\r\n\r\n\t\t\t\t\t\r\n\r\n\t\t\t\t\t\t\r\n<article id=\"post-4749\" class=\"grid-item col-sm-12 col-md-6 col-lg-6 post-4749 post type-post status-publish format-standard has-post-thumbnail hentry category-tak-tips tag-tips-triks\">\r\n\r\n    <a href=\"https:\/\/carlsenpaataket.no\/om-oss\/tak-med-stil-trender-innen-takdesign\/\" aria-label=\"Tak med stil: Trender innen takdesign\"><\/a>\r\n\r\n    \r\n        <figure class=\"ms-posts--card__media\">\r\n            <img decoding=\"async\" src=\"https:\/\/carlsenpaataket.no\/om-oss\/wp-content\/uploads\/2024\/01\/man-and-woman-enjoy-beautiful-sunset-in-the-mounta-2024-01-12-20-15-53-utc-scaled.jpeg\" alt=\"Tak med stil: Trender innen takdesign\">\r\n        <\/figure>\r\n\r\n    \r\n    <div class=\"post-content\">\r\n\r\n        \r\n        <div class=\"post-meta-header\">\r\n\r\n            <div class=\"post-header--author\">\r\n\r\n                <img decoding=\"async\" src=\"https:\/\/secure.gravatar.com\/avatar\/87ea0f4af34b515793bb2127f710489857ae315f777319a6fffe0f06f670a1a6?s=45&d=mm&r=g\" alt=\"Carlsen p\u00e5 taket AS\">\r\n\r\n                <div class=\"post-meta__info\">\r\n                    <span class=\"post-meta__author\">Carlsen p\u00e5 taket AS<\/span>\r\n                    <span class=\"post-meta__date\">Jan 4, 2024<\/span>\r\n                <\/div>\r\n\r\n            <\/div>\r\n\r\n        <\/div>    \r\n\r\n        <div class=\"post-meta-cont\">\r\n            <div class=\"post-category\"><a href=\"https:\/\/carlsenpaataket.no\/om-oss\/category\/tak-tips\/\" rel=\"category tag\">Tak tips<\/a><\/div>\r\n            <div class=\"post-header\">\r\n                <a class=\"post-title\" href=\"https:\/\/carlsenpaataket.no\/om-oss\/tak-med-stil-trender-innen-takdesign\/\" aria-label=\"Tak med stil: Trender innen takdesign\">\r\n                    <h3>Tak med stil: Trender innen takdesign<\/h3>\r\n                <\/a>\r\n            <\/div>\r\n        <\/div>\r\n\r\n    <\/div>\r\n\r\n<\/article>\r\n\r\n\t\t\t\t\t\r\n\r\n\t\t\t\t\t\t\r\n<article id=\"post-4747\" class=\"grid-item col-sm-12 col-md-6 col-lg-6 post-4747 post type-post status-publish format-standard has-post-thumbnail hentry category-tak-tips tag-tips-triks\">\r\n\r\n    <a href=\"https:\/\/carlsenpaataket.no\/om-oss\/snofjerning-pa-tak-slik-gjor-du-det-trygt-og-effektivt\/\" aria-label=\"Sn\u00f8fjerning p\u00e5 tak: Slik gj\u00f8r du det trygt og effektivt\"><\/a>\r\n\r\n    \r\n        <figure class=\"ms-posts--card__media\">\r\n            <img decoding=\"async\" src=\"https:\/\/carlsenpaataket.no\/om-oss\/wp-content\/uploads\/2024\/01\/the-roof-of-a-single-family-house-is-covered-with-2023-11-27-04-58-02-utc-scaled.jpeg\" alt=\"Sn\u00f8fjerning p\u00e5 tak: Slik gj\u00f8r du det trygt og effektivt\">\r\n        <\/figure>\r\n\r\n    \r\n    <div class=\"post-content\">\r\n\r\n        \r\n        <div class=\"post-meta-header\">\r\n\r\n            <div class=\"post-header--author\">\r\n\r\n                <img decoding=\"async\" src=\"https:\/\/secure.gravatar.com\/avatar\/87ea0f4af34b515793bb2127f710489857ae315f777319a6fffe0f06f670a1a6?s=45&d=mm&r=g\" alt=\"Carlsen p\u00e5 taket AS\">\r\n\r\n                <div class=\"post-meta__info\">\r\n                    <span class=\"post-meta__author\">Carlsen p\u00e5 taket AS<\/span>\r\n                    <span class=\"post-meta__date\">Nov 23, 2023<\/span>\r\n                <\/div>\r\n\r\n            <\/div>\r\n\r\n        <\/div>    \r\n\r\n        <div class=\"post-meta-cont\">\r\n            <div class=\"post-category\"><a href=\"https:\/\/carlsenpaataket.no\/om-oss\/category\/tak-tips\/\" rel=\"category tag\">Tak tips<\/a><\/div>\r\n            <div class=\"post-header\">\r\n                <a class=\"post-title\" href=\"https:\/\/carlsenpaataket.no\/om-oss\/snofjerning-pa-tak-slik-gjor-du-det-trygt-og-effektivt\/\" aria-label=\"Sn\u00f8fjerning p\u00e5 tak: Slik gj\u00f8r du det trygt og effektivt\">\r\n                    <h3>Sn\u00f8fjerning p\u00e5 tak: Slik gj\u00f8r du det trygt og effektivt<\/h3>\r\n                <\/a>\r\n            <\/div>\r\n        <\/div>\r\n\r\n    <\/div>\r\n\r\n<\/article>\r\n\r\n\t\t\t\t\t\r\n                                            <svg style=\"visibility: hidden; position: absolute;\" width=\"0\" height=\"0\" xmlns=\"http:\/\/www.w3.org\/2000\/svg\" version=\"1.1\">\r\n                            <defs>\r\n                                <filter id=\"goo\"><feGaussianBlur in=\"SourceGraphic\" stdDeviation=\"6\" result=\"blur\" \/>    \r\n                                    <feColorMatrix in=\"blur\" type=\"matrix\" values=\"1 0 0 0 0  0 1 0 0 0  0 0 1 0 0  0 0 0 19 -9\" result=\"goo\" \/>\r\n                                    <feComposite in=\"SourceGraphic\" in2=\"goo\" operator=\"atop\"\/>\r\n                                <\/filter>\r\n                            <\/defs>\r\n                        <\/svg>\r\n                    \r\n\t\t            \t        \t\t\t\t\t            \t\t\t<\/div>\r\n\t\t<\/div>\r\n\t\t\t\t\t\t<\/div>\n\t\t\t\t<\/div>\n\t\t\t\t\t<\/div>\n\t\t\t\t<\/div>\n\t\t<div class=\"elementor-element elementor-element-2ac2d08 e-flex e-con-boxed no e-con e-parent\" data-id=\"2ac2d08\" data-element_type=\"container\" data-e-type=\"container\">\n\t\t\t\t\t<div class=\"e-con-inner\">\n\t\t<div class=\"elementor-element elementor-element-a872284 e-con-full e-flex no e-con e-child\" data-id=\"a872284\" data-element_type=\"container\" data-e-type=\"container\" data-settings=\"{&quot;background_background&quot;:&quot;classic&quot;}\">\n\t\t<div class=\"elementor-element elementor-element-64bcacd e-con-full e-flex no e-con e-child\" data-id=\"64bcacd\" data-element_type=\"container\" data-e-type=\"container\" data-settings=\"{&quot;background_background&quot;:&quot;classic&quot;}\">\n\t\t<div class=\"elementor-element elementor-element-a56932d e-con-full e-flex no e-con e-child\" data-id=\"a56932d\" data-element_type=\"container\" data-e-type=\"container\">\n\t\t\t\t<div class=\"elementor-element elementor-element-6d14255 elementor-widget elementor-widget-heading\" data-id=\"6d14255\" data-element_type=\"widget\" data-e-type=\"widget\" data-widget_type=\"heading.default\">\n\t\t\t\t<div class=\"elementor-widget-container\">\n\t\t\t\t\t<h2 class=\"elementor-heading-title elementor-size-default\">Ser etter en <Br> P\u00e5litelig partner?<\/h2>\t\t\t\t<\/div>\n\t\t\t\t<\/div>\n\t\t\t\t<div class=\"elementor-element elementor-element-79c9976 elementor-widget elementor-widget-text-editor\" data-id=\"79c9976\" data-element_type=\"widget\" data-e-type=\"widget\" data-widget_type=\"text-editor.default\">\n\t\t\t\t<div class=\"elementor-widget-container\">\n\t\t\t\t\t\t\t\t\t<p>Bli oppringt av oss, enkelt og greit.<br \/>Registrer nummret ditt her, s\u00e5 vil vi ta kontakt!<\/p>\t\t\t\t\t\t\t\t<\/div>\n\t\t\t\t<\/div>\n\t\t\t\t<div class=\"elementor-element elementor-element-a439276 elementor-widget elementor-widget-html\" data-id=\"a439276\" data-element_type=\"widget\" data-e-type=\"widget\" data-widget_type=\"html.default\">\n\t\t\t\t<div class=\"elementor-widget-container\">\n\t\t\t\t\t<iframe\n  src=\"https:\/\/link.nettfokus.no\/widget\/form\/F9wDcH3LSsTsFwI5Hno4\"\n  style=\"width:100%;height:100%;border:none;border-radius:3px\"\n  id=\"inline-F9wDcH3LSsTsFwI5Hno4\" \n  data-layout=\"{'id':'INLINE'}\"\n  data-trigger-type=\"alwaysShow\"\n  data-trigger-value=\"\"\n  data-activation-type=\"alwaysActivated\"\n  data-activation-value=\"\"\n  data-deactivation-type=\"neverDeactivate\"\n  data-deactivation-value=\"\"\n  data-form-name=\"Bli oppringt\"\n  data-height=\"400\"\n  data-layout-iframe-id=\"inline-F9wDcH3LSsTsFwI5Hno4\"\n  data-form-id=\"F9wDcH3LSsTsFwI5Hno4\"\n  title=\"Bli oppringt\"\n      >\n<\/iframe>\n<script src=\"https:\/\/link.nettfokus.no\/js\/form_embed.js\"><\/script>\t\t\t\t<\/div>\n\t\t\t\t<\/div>\n\t\t\t\t<\/div>\n\t\t\t\t<\/div>\n\t\t\t\t<\/div>\n\t\t\t\t\t<\/div>\n\t\t\t\t<\/div>\n\t\t\t\t<\/div>\n\t\t","protected":false},"excerpt":{"rendered":"<p>Artikler sander Oct 16, 2024 Uncategorized Aktuelle artikler sander Jan 6, 2024 Fashion,&#038;nbspTechnology Hvordan velge riktig tak for ditt hjem: Tips fra ekspertene sander [&hellip;]<\/p>\n","protected":false},"author":1,"featured_media":0,"parent":0,"menu_order":0,"comment_status":"closed","ping_status":"closed","template":"page-custom.php","meta":{"_acf_changed":false,"footnotes":""},"class_list":["post-123","page","type-page","status-publish","hentry"],"acf":{"choi\u0441e_menu_page":"custom_menu_page","full_width":false,"header_transparent":false,"header_white":false,"menu_type_page":"button","menu_align_page":"default"},"aioseo_notices":[],"_links":{"self":[{"href":"https:\/\/carlsenpaataket.no\/om-oss\/wp-json\/wp\/v2\/pages\/123","targetHints":{"allow":["GET"]}}],"collection":[{"href":"https:\/\/carlsenpaataket.no\/om-oss\/wp-json\/wp\/v2\/pages"}],"about":[{"href":"https:\/\/carlsenpaataket.no\/om-oss\/wp-json\/wp\/v2\/types\/page"}],"author":[{"embeddable":true,"href":"https:\/\/carlsenpaataket.no\/om-oss\/wp-json\/wp\/v2\/users\/1"}],"replies":[{"embeddable":true,"href":"https:\/\/carlsenpaataket.no\/om-oss\/wp-json\/wp\/v2\/comments?post=123"}],"version-history":[{"count":4,"href":"https:\/\/carlsenpaataket.no\/om-oss\/wp-json\/wp\/v2\/pages\/123\/revisions"}],"predecessor-version":[{"id":5643,"href":"https:\/\/carlsenpaataket.no\/om-oss\/wp-json\/wp\/v2\/pages\/123\/revisions\/5643"}],"wp:attachment":[{"href":"https:\/\/carlsenpaataket.no\/om-oss\/wp-json\/wp\/v2\/media?parent=123"}],"curies":[{"name":"wp","href":"https:\/\/api.w.org\/{rel}","templated":true}]}}