{"id":200,"date":"2024-01-12T17:48:05","date_gmt":"2024-01-12T14:48:05","guid":{"rendered":"https:\/\/theme.madsparrow.me\/mokko\/?page_id=200"},"modified":"2025-05-27T14:04:03","modified_gmt":"2025-05-27T14:04:03","slug":"kontakt-oss","status":"publish","type":"page","link":"https:\/\/carlsenpaataket.no\/om-oss\/kontakt-oss\/","title":{"rendered":"Kontakt oss"},"content":{"rendered":"\t\t<div data-elementor-type=\"wp-page\" data-elementor-id=\"200\" class=\"elementor elementor-200\">\n\t\t\t\t<div class=\"elementor-element elementor-element-eada8b6 e-flex e-con-boxed no e-con e-parent\" data-id=\"eada8b6\" data-element_type=\"container\" data-e-type=\"container\">\n\t\t\t\t\t<div class=\"e-con-inner\">\n\t\t\t\t<div class=\"elementor-element elementor-element-65eed16 elementor-widget elementor-widget-ms_animated_headline\" data-id=\"65eed16\" data-element_type=\"widget\" data-e-type=\"widget\" data-widget_type=\"ms_animated_headline.default\">\n\t\t\t\t<div class=\"elementor-widget-container\">\n\t\t\t\t\t\r\n        <div class=\"ms-ah-wrapper\">\r\n            <h1 class=\"content__title\" data-splitting data-effect1 data-scroll=\"off\">\r\n            \tTA KONTAKT HER            <\/h1>\r\n        <\/div>\r\n        \r\n    \t\t\t\t<\/div>\n\t\t\t\t<\/div>\n\t\t\t\t<div class=\"elementor-element elementor-element-91fb826 elementor-widget elementor-widget-text-editor\" data-id=\"91fb826\" data-element_type=\"widget\" data-e-type=\"widget\" data-widget_type=\"text-editor.default\">\n\t\t\t\t<div class=\"elementor-widget-container\">\n\t\t\t\t\t\t\t\t\t<p><span style=\"font-weight: 900;\">Legg igjen en lyd,<\/span><\/p><p>Vi ser frem til \u00e5 h\u00f8re fra deg!<\/p>\t\t\t\t\t\t\t\t<\/div>\n\t\t\t\t<\/div>\n\t\t\t\t\t<\/div>\n\t\t\t\t<\/div>\n\t\t<div class=\"elementor-element elementor-element-90168d3 e-flex e-con-boxed e-con e-parent\" data-id=\"90168d3\" data-element_type=\"container\" data-e-type=\"container\">\n\t\t\t\t\t<div class=\"e-con-inner\">\n\t\t<div class=\"elementor-element elementor-element-4fb7e2c e-con-full e-flex no e-con e-child\" data-id=\"4fb7e2c\" data-element_type=\"container\" data-e-type=\"container\">\n\t\t\t\t<div class=\"elementor-element elementor-element-12a7aa3 elementor-widget elementor-widget-heading\" data-id=\"12a7aa3\" data-element_type=\"widget\" data-e-type=\"widget\" data-widget_type=\"heading.default\">\n\t\t\t\t<div class=\"elementor-widget-container\">\n\t\t\t\t\t<h5 class=\"elementor-heading-title elementor-size-default\">Carlsen P\u00e5 Taket AS\n<\/h5>\t\t\t\t<\/div>\n\t\t\t\t<\/div>\n\t\t\t\t<div class=\"elementor-element elementor-element-da62690 elementor-widget__width-initial elementor-widget elementor-widget-text-editor\" data-id=\"da62690\" data-element_type=\"widget\" data-e-type=\"widget\" data-widget_type=\"text-editor.default\">\n\t\t\t\t<div class=\"elementor-widget-container\">\n\t\t\t\t\t\t\t\t\t<div><div class=\"vk_sh vk_bk\"><div class=\"aiAXrc\">B\u00f8kkergaten 4, 5032, Bergen<\/div><\/div><\/div><div class=\"Uekwlc MdlnDb\"><div class=\"pBr83e\">\u00a0<\/div><\/div>\t\t\t\t\t\t\t\t<\/div>\n\t\t\t\t<\/div>\n\t\t\t\t<\/div>\n\t\t<div class=\"elementor-element elementor-element-fdb4944 e-con-full e-flex no e-con e-child\" data-id=\"fdb4944\" data-element_type=\"container\" data-e-type=\"container\">\n\t\t\t\t<div class=\"elementor-element elementor-element-0469437 elementor-widget elementor-widget-heading\" data-id=\"0469437\" data-element_type=\"widget\" data-e-type=\"widget\" data-widget_type=\"heading.default\">\n\t\t\t\t<div class=\"elementor-widget-container\">\n\t\t\t\t\t<h5 class=\"elementor-heading-title elementor-size-default\">E-post<\/h5>\t\t\t\t<\/div>\n\t\t\t\t<\/div>\n\t\t\t\t<div class=\"elementor-element elementor-element-cb1b18b elementor-widget elementor-widget-ms-simple-link\" data-id=\"cb1b18b\" data-element_type=\"widget\" data-e-type=\"widget\" data-widget_type=\"ms-simple-link.default\">\n\t\t\t\t<div class=\"elementor-widget-container\">\n\t\t\t\t\t\r\n        <a class=\"ms-sl\" role=\"button\" data-transition=\"no\" data-style=\"no\" href=\"mailto:post@carlsenpaataket.no\" target=\"hidden-iframe\">\r\n\r\n            \r\n            post@carlsenpaataket.no\r\n            \r\n        <\/a>\r\n\r\n        \t\t\t\t<\/div>\n\t\t\t\t<\/div>\n\t\t\t\t<\/div>\n\t\t<div class=\"elementor-element elementor-element-cc739cf e-con-full e-flex no e-con e-child\" data-id=\"cc739cf\" data-element_type=\"container\" data-e-type=\"container\">\n\t\t\t\t<div class=\"elementor-element elementor-element-6564655 elementor-widget elementor-widget-heading\" data-id=\"6564655\" data-element_type=\"widget\" data-e-type=\"widget\" data-widget_type=\"heading.default\">\n\t\t\t\t<div class=\"elementor-widget-container\">\n\t\t\t\t\t<h5 class=\"elementor-heading-title elementor-size-default\">Telefon<\/h5>\t\t\t\t<\/div>\n\t\t\t\t<\/div>\n\t\t\t\t<div class=\"elementor-element elementor-element-2150b58 elementor-widget elementor-widget-text-editor\" data-id=\"2150b58\" data-element_type=\"widget\" data-e-type=\"widget\" data-widget_type=\"text-editor.default\">\n\t\t\t\t<div class=\"elementor-widget-container\">\n\t\t\t\t\t\t\t\t\t<p>+47 55 31 74 81<\/p>\t\t\t\t\t\t\t\t<\/div>\n\t\t\t\t<\/div>\n\t\t\t\t<\/div>\n\t\t<div class=\"elementor-element elementor-element-5a5c9ed e-con-full e-flex no e-con e-child\" data-id=\"5a5c9ed\" data-element_type=\"container\" data-e-type=\"container\">\n\t\t\t\t<div class=\"elementor-element elementor-element-871e971 elementor-widget elementor-widget-heading\" data-id=\"871e971\" data-element_type=\"widget\" data-e-type=\"widget\" data-widget_type=\"heading.default\">\n\t\t\t\t<div class=\"elementor-widget-container\">\n\t\t\t\t\t<h5 class=\"elementor-heading-title elementor-size-default\">F\u00f8lg oss p\u00e5 sosiale medier\n<\/h5>\t\t\t\t<\/div>\n\t\t\t\t<\/div>\n\t\t\t\t<div class=\"elementor-element elementor-element-5b36170 elementor-widget elementor-widget-ms-social-icons\" data-id=\"5b36170\" data-element_type=\"widget\" data-e-type=\"widget\" data-widget_type=\"ms-social-icons.default\">\n\t\t\t\t<div class=\"elementor-widget-container\">\n\t\t\t\t\t        <div class=\"ms-s-w\">\r\n                    <a class=\"ms-s-i mono s-icon\" href=\"https:\/\/facebook.com\/\"><i class=\"fa-brands fa-facebook\"><\/i><\/a>\r\n                    <a class=\"ms-s-i mono s-icon\" href=\"https:\/\/instagram.com\/\"><i class=\"fa-brands fa-instagram\"><\/i><\/a>\r\n                <\/div>\r\n    \t\t\t\t<\/div>\n\t\t\t\t<\/div>\n\t\t\t\t<\/div>\n\t\t\t\t\t<\/div>\n\t\t\t\t<\/div>\n\t\t<div class=\"elementor-element elementor-element-61da5ea e-flex e-con-boxed no e-con e-parent\" data-id=\"61da5ea\" data-element_type=\"container\" data-e-type=\"container\">\n\t\t\t\t\t<div class=\"e-con-inner\">\n\t\t\t\t<div class=\"elementor-element elementor-element-2ad4e8e elementor-widget elementor-widget-google_maps\" data-id=\"2ad4e8e\" data-element_type=\"widget\" data-e-type=\"widget\" data-widget_type=\"google_maps.default\">\n\t\t\t\t<div class=\"elementor-widget-container\">\n\t\t\t\t\t\t\t<div class=\"elementor-custom-embed\">\n\t\t\t<iframe loading=\"lazy\"\n\t\t\t\t\tsrc=\"https:\/\/maps.google.com\/maps?q=Carlsen%20P%C3%A5%20Taket%20AS&#038;t=m&#038;z=10&#038;output=embed&#038;iwloc=near\"\n\t\t\t\t\ttitle=\"Carlsen P\u00e5 Taket AS\"\n\t\t\t\t\taria-label=\"Carlsen P\u00e5 Taket AS\"\n\t\t\t><\/iframe>\n\t\t<\/div>\n\t\t\t\t\t\t<\/div>\n\t\t\t\t<\/div>\n\t\t\t\t<div class=\"elementor-element elementor-element-80cf520 elementor-widget elementor-widget-spacer\" data-id=\"80cf520\" data-element_type=\"widget\" data-e-type=\"widget\" data-widget_type=\"spacer.default\">\n\t\t\t\t<div class=\"elementor-widget-container\">\n\t\t\t\t\t\t\t<div class=\"elementor-spacer\">\n\t\t\t<div class=\"elementor-spacer-inner\"><\/div>\n\t\t<\/div>\n\t\t\t\t\t\t<\/div>\n\t\t\t\t<\/div>\n\t\t\t\t\t<\/div>\n\t\t\t\t<\/div>\n\t\t\t\t<\/div>\n\t\t","protected":false},"excerpt":{"rendered":"<p>TA KONTAKT HER Legg igjen en lyd, Vi ser frem til \u00e5 h\u00f8re fra deg! Carlsen P\u00e5 Taket AS B\u00f8kkergaten 4, 5032, Bergen\u00a0 E-post [&hellip;]<\/p>\n","protected":false},"author":1,"featured_media":0,"parent":0,"menu_order":0,"comment_status":"closed","ping_status":"closed","template":"page-custom.php","meta":{"_acf_changed":false,"footnotes":""},"class_list":["post-200","page","type-page","status-publish","hentry"],"acf":{"choi\u0441e_menu_page":false,"full_width":false,"header_transparent":false,"header_white":false,"menu_type_page":"default","menu_align_page":"default"},"aioseo_notices":[],"_links":{"self":[{"href":"https:\/\/carlsenpaataket.no\/om-oss\/wp-json\/wp\/v2\/pages\/200","targetHints":{"allow":["GET"]}}],"collection":[{"href":"https:\/\/carlsenpaataket.no\/om-oss\/wp-json\/wp\/v2\/pages"}],"about":[{"href":"https:\/\/carlsenpaataket.no\/om-oss\/wp-json\/wp\/v2\/types\/page"}],"author":[{"embeddable":true,"href":"https:\/\/carlsenpaataket.no\/om-oss\/wp-json\/wp\/v2\/users\/1"}],"replies":[{"embeddable":true,"href":"https:\/\/carlsenpaataket.no\/om-oss\/wp-json\/wp\/v2\/comments?post=200"}],"version-history":[{"count":13,"href":"https:\/\/carlsenpaataket.no\/om-oss\/wp-json\/wp\/v2\/pages\/200\/revisions"}],"predecessor-version":[{"id":5779,"href":"https:\/\/carlsenpaataket.no\/om-oss\/wp-json\/wp\/v2\/pages\/200\/revisions\/5779"}],"wp:attachment":[{"href":"https:\/\/carlsenpaataket.no\/om-oss\/wp-json\/wp\/v2\/media?parent=200"}],"curies":[{"name":"wp","href":"https:\/\/api.w.org\/{rel}","templated":true}]}}